{"id":334,"date":"2024-10-23T19:21:38","date_gmt":"2024-10-23T17:21:38","guid":{"rendered":"https:\/\/st-anna-kapelle-westbevern.de\/?page_id=334"},"modified":"2026-03-14T17:26:21","modified_gmt":"2026-03-14T16:26:21","slug":"veranstaltungen","status":"publish","type":"page","link":"https:\/\/st-anna-kapelle-westbevern.de\/","title":{"rendered":"Veranstaltungen"},"content":{"rendered":"\n<h2 class=\"wp-block-heading\"><strong>\u2728 WEITE WAGEN<br>Geistliche Abende in St. Anna<\/strong><\/h2>\n\n\n\n<p>Im M\u00e4rz \u00f6ffnen wir den Raum f\u00fcr Stille, Tiefe und neue Perspektiven.<br>Vier besondere Meditationsformen \u2013 vier Wege, die eigene Weite zu entdecken.<br>\ud83d\udd6f Bildmeditation<br>\ud83d\udcc5 Donnerstag, 05. M\u00e4rz 2026 \u2013 19:00 Uhr<br>\ud83d\udc64 Domkapitular Gregor Kauling<br>\ud83c\udf3f Duftmeditation<br>\ud83d\udcc5 Donnerstag, 12. M\u00e4rz 2026 \u2013 19:00 Uhr<br>\ud83d\udc64 Probst Dr. Michael Langenfeld<br>\ud83d\udcd6 Textmeditation<br>\ud83d\udcc5 Donnerstag, 19. M\u00e4rz 2026 \u2013 19:00 Uhr<br>\ud83d\udc64 Pastoralreferent David Krebes<br>\ud83c\udfb6 Musikmeditation<br>\ud83d\udcc5 Donnerstag, 26. M\u00e4rz 2026 \u2013 19:00 Uhr<br>\ud83d\udc64 Pfarrer Peter Drenker<\/p>\n\n\n\n<h2 class=\"wp-block-heading\">Mitgliederversammlung 2026<\/h2>\n\n\n\n<p>Hiermit l\u00e4dt der Vorstand des F\u00f6rdervereins alle Mitglieder und Interessierten aus Telgte und Westbevern zur MITGLIEDERVERSAMMLUNG am 31. M\u00e4rz 2026 um 19:00 Uhr<br>in das Pfarrheim Ss. Cornelius und Cyprian, Westbevern ein.<br>Tagesordnung:<\/p>\n\n\n\n<ol class=\"wp-block-list\">\n<li>Begr\u00fc\u00dfung, Formalien<\/li>\n\n\n\n<li>Bericht der Schriftf\u00fchrerin<\/li>\n\n\n\n<li>Bericht der Kassenwartin<\/li>\n\n\n\n<li>Bericht des Vorstandes<\/li>\n\n\n\n<li>Bericht der Kassenpr\u00fcfer<\/li>\n\n\n\n<li>Entlastung des Vorstands<\/li>\n\n\n\n<li>Wahlen<br>a. Stellvertretende:r Vorsitzende:r,<br>b. Kassenwart:in,<br>c.bis zu zwei Beisitzer:innen (Zur Wahl stehen Felix Graf von Plettenberg und Helmut Sommer.)<\/li>\n\n\n\n<li>Wahl eines Kassenpr\u00fcfers<\/li>\n\n\n\n<li>Ausblick auf das Jahr 2026<br>a. Geistliche Abende \u201eWEITE WAGEN\u201c am 5., 12., 19. und 26. M\u00e4rz, jeweils um 19 Uhr<br>b. Patronatsfest am Sonntag, dem 26. Juli; Festmesse um 10 Uhr<br>c. Offene Kapellent\u00fcr beim Vadruper Weihnachtsmarkt<\/li>\n\n\n\n<li>Die heilige Anna in der Kunst \u2013 ein Vortrag von Margret Eickholt<\/li>\n\n\n\n<li>Verschiedenes<br>Gesucht werden weiterhin Bilder oder Fotos der heutigen Kapelle oder ihres Vorg\u00e4ngerbaus,<br>aber auch Geschichten rund um die Kapelle. Bitte bei Helmut Sommer melden.<br><\/li>\n<\/ol>\n\n\n\n<h3 class=\"wp-block-heading\">Konzert: Fr\u00fchling in Liedern &#8211; Musik zwischen Himmel und Erde<\/h3>\n\n\n\n<p>Das Vokalquartett: Catherine Dreher (Sopran), Friederike van Essen (Alt), Heiner van Essen (Tenor) und Heinrich Dreher (Bass) bringen die St. Anna Kapelle, Brinker Damm in Vadrup am Sonntag, 18. Mai 2025 um 17:00 Uhr zum Klingen. Mit Fr\u00fchlingsliedern, geistlichen Werken und bekannten Melodien von Mozart bis zu den Beatles l\u00e4dt das Konzert ein zum Innehalten und Aufbl\u00fchen. Zarten Melodien, alten Volksweisen und fr\u00f6hlichen Fr\u00fchlingsgr\u00fc\u00dfen darf gelauscht werden \u2013 Musik, die Herz und Seele bewegt.<\/p>\n\n\n\n<figure class=\"wp-block-image size-full is-resized\"><img loading=\"lazy\" decoding=\"async\" width=\"625\" height=\"883\" src=\"https:\/\/st-anna-kapelle-westbevern.de\/wp-content\/uploads\/2025\/05\/2025-05-18-Fruehling-in-Liedern.jpg\" alt=\"\" class=\"wp-image-359\" style=\"width:195px;height:auto\" srcset=\"https:\/\/st-anna-kapelle-westbevern.de\/wp-content\/uploads\/2025\/05\/2025-05-18-Fruehling-in-Liedern.jpg 625w, https:\/\/st-anna-kapelle-westbevern.de\/wp-content\/uploads\/2025\/05\/2025-05-18-Fruehling-in-Liedern-212x300.jpg 212w, https:\/\/st-anna-kapelle-westbevern.de\/wp-content\/uploads\/2025\/05\/2025-05-18-Fruehling-in-Liedern-300x424.jpg 300w\" sizes=\"auto, (max-width: 625px) 100vw, 625px\" \/><\/figure>\n\n\n\n<h3 class=\"wp-block-heading\">\u00d6sterlicher Altar<\/h3>\n\n\n\n<figure class=\"wp-block-image size-large is-resized\"><img loading=\"lazy\" decoding=\"async\" width=\"768\" height=\"1024\" src=\"https:\/\/st-anna-kapelle-westbevern.de\/wp-content\/uploads\/2025\/05\/oesterlicher-Altar_5326-768x1024.jpg\" alt=\"\" class=\"wp-image-358\" style=\"width:191px;height:auto\" srcset=\"https:\/\/st-anna-kapelle-westbevern.de\/wp-content\/uploads\/2025\/05\/oesterlicher-Altar_5326-768x1024.jpg 768w, https:\/\/st-anna-kapelle-westbevern.de\/wp-content\/uploads\/2025\/05\/oesterlicher-Altar_5326-225x300.jpg 225w, https:\/\/st-anna-kapelle-westbevern.de\/wp-content\/uploads\/2025\/05\/oesterlicher-Altar_5326-1152x1536.jpg 1152w, https:\/\/st-anna-kapelle-westbevern.de\/wp-content\/uploads\/2025\/05\/oesterlicher-Altar_5326-1536x2048.jpg 1536w, https:\/\/st-anna-kapelle-westbevern.de\/wp-content\/uploads\/2025\/05\/oesterlicher-Altar_5326-300x400.jpg 300w, https:\/\/st-anna-kapelle-westbevern.de\/wp-content\/uploads\/2025\/05\/oesterlicher-Altar_5326-850x1133.jpg 850w, https:\/\/st-anna-kapelle-westbevern.de\/wp-content\/uploads\/2025\/05\/oesterlicher-Altar_5326-scaled.jpg 1920w\" sizes=\"auto, (max-width: 768px) 100vw, 768px\" \/><\/figure>\n\n\n\n<h3 class=\"wp-block-heading\">Kreuzwegandacht 04. April 2025<\/h3>\n\n\n\n<p>D<strong>er F\u00f6rderverein St. Anna Kapelle Westbevern e.V. konnte passend zum bestehenden Kreuzweg von Walter Mellmann acht einfarbige Holzschnitte an verschiedene Frauen und auch Kinder weitergeben. Diese haben in den Bildern besondere Aspekte der Station des letzten Weges Jesu herausgestellt, in jeweils eigener Zugangs- und Ausdrucksweise, mal inspirierend, mal nachdenklich, mal provokant.<\/strong><\/p>\n\n\n\n<figure class=\"wp-block-image size-full\"><img loading=\"lazy\" decoding=\"async\" width=\"827\" height=\"277\" src=\"https:\/\/st-anna-kapelle-westbevern.de\/wp-content\/uploads\/2025\/05\/image.png\" alt=\"\" class=\"wp-image-356\" srcset=\"https:\/\/st-anna-kapelle-westbevern.de\/wp-content\/uploads\/2025\/05\/image.png 827w, https:\/\/st-anna-kapelle-westbevern.de\/wp-content\/uploads\/2025\/05\/image-300x100.png 300w, https:\/\/st-anna-kapelle-westbevern.de\/wp-content\/uploads\/2025\/05\/image-768x257.png 768w\" sizes=\"auto, (max-width: 827px) 100vw, 827px\" \/><\/figure>\n\n\n\n<figure class=\"wp-block-image size-full\"><img loading=\"lazy\" decoding=\"async\" width=\"810\" height=\"353\" src=\"https:\/\/st-anna-kapelle-westbevern.de\/wp-content\/uploads\/2025\/05\/image-1.png\" alt=\"\" class=\"wp-image-357\" srcset=\"https:\/\/st-anna-kapelle-westbevern.de\/wp-content\/uploads\/2025\/05\/image-1.png 810w, https:\/\/st-anna-kapelle-westbevern.de\/wp-content\/uploads\/2025\/05\/image-1-300x131.png 300w, https:\/\/st-anna-kapelle-westbevern.de\/wp-content\/uploads\/2025\/05\/image-1-768x335.png 768w\" sizes=\"auto, (max-width: 810px) 100vw, 810px\" \/><\/figure>\n\n\n\n<h3 class=\"wp-block-heading\">Weihnachtsausstellung 2024<\/h3>\n\n\n\n<p><strong>Kapelle \u00f6ffnet an Weihnachtsfeiertagen 2024 und danach jeweils Dienstags und Donnerstags<\/strong>:<br>Zu einer&nbsp;<strong>Weihnachtlichen Ausstellung<\/strong>&nbsp;l\u00e4dt der F\u00f6rderverein St. Anna Kapelle Westbevern e.V. in die&nbsp;<strong>St. Anna Kapelle<\/strong>&nbsp;ein. W\u00e4hrend der Weihnachtszeit werden inspirierende Aquarelle gezeigt, die im \u201eOffene Atelier\u201c des Westbeverner Krink e.V. entstanden sind.&nbsp;<strong>Ge\u00f6ffnet<\/strong>&nbsp;ist die Vadruper Kapelle an den beiden Weihnachtsfeiertagen sowie dienstags von 10 \u2013 17 Uhr und donnerstags von 9 \u2013 18 Uhr.<\/p>\n\n\n\n<p><strong>Vadruper Weihnachtsmarkt 2024<\/strong><br>Kapelle leuchtet mit Kerzen und bunten Farben zum Vadruper Weihnachtsmarkt am 08.12.24<br>Es war ein ganz besonderer Moment an diesem Weihnachtsmarkttag die besondere Gestaltung der St. Anna Kapelle zu erleben&#8230;<\/p>\n\n\n\n<figure class=\"wp-block-image size-large\"><img loading=\"lazy\" decoding=\"async\" width=\"1024\" height=\"768\" src=\"https:\/\/st-anna-kapelle-westbevern.de\/wp-content\/uploads\/2024\/12\/Kapelle-Weihnachten-2024-1-1024x768.jpg\" alt=\"\" class=\"wp-image-352\" srcset=\"https:\/\/st-anna-kapelle-westbevern.de\/wp-content\/uploads\/2024\/12\/Kapelle-Weihnachten-2024-1-1024x768.jpg 1024w, https:\/\/st-anna-kapelle-westbevern.de\/wp-content\/uploads\/2024\/12\/Kapelle-Weihnachten-2024-1-300x225.jpg 300w, https:\/\/st-anna-kapelle-westbevern.de\/wp-content\/uploads\/2024\/12\/Kapelle-Weihnachten-2024-1-768x576.jpg 768w, https:\/\/st-anna-kapelle-westbevern.de\/wp-content\/uploads\/2024\/12\/Kapelle-Weihnachten-2024-1-1536x1152.jpg 1536w, https:\/\/st-anna-kapelle-westbevern.de\/wp-content\/uploads\/2024\/12\/Kapelle-Weihnachten-2024-1-2048x1536.jpg 2048w, https:\/\/st-anna-kapelle-westbevern.de\/wp-content\/uploads\/2024\/12\/Kapelle-Weihnachten-2024-1-850x638.jpg 850w\" sizes=\"auto, (max-width: 1024px) 100vw, 1024px\" \/><\/figure>\n\n\n\n<figure class=\"wp-block-image size-large\"><img loading=\"lazy\" decoding=\"async\" width=\"1024\" height=\"768\" src=\"https:\/\/st-anna-kapelle-westbevern.de\/wp-content\/uploads\/2024\/12\/Kapelle-Weihnachten-2024-1-1-1024x768.jpg\" alt=\"\" class=\"wp-image-353\" srcset=\"https:\/\/st-anna-kapelle-westbevern.de\/wp-content\/uploads\/2024\/12\/Kapelle-Weihnachten-2024-1-1-1024x768.jpg 1024w, https:\/\/st-anna-kapelle-westbevern.de\/wp-content\/uploads\/2024\/12\/Kapelle-Weihnachten-2024-1-1-300x225.jpg 300w, https:\/\/st-anna-kapelle-westbevern.de\/wp-content\/uploads\/2024\/12\/Kapelle-Weihnachten-2024-1-1-768x576.jpg 768w, https:\/\/st-anna-kapelle-westbevern.de\/wp-content\/uploads\/2024\/12\/Kapelle-Weihnachten-2024-1-1-1536x1152.jpg 1536w, https:\/\/st-anna-kapelle-westbevern.de\/wp-content\/uploads\/2024\/12\/Kapelle-Weihnachten-2024-1-1-2048x1536.jpg 2048w, https:\/\/st-anna-kapelle-westbevern.de\/wp-content\/uploads\/2024\/12\/Kapelle-Weihnachten-2024-1-1-850x638.jpg 850w\" sizes=\"auto, (max-width: 1024px) 100vw, 1024px\" \/><\/figure>\n\n\n\n<p><\/p>\n\n\n\n<p><strong>Festmesse anl\u00e4sslich der Ersterw\u00e4hnung der St. Anna Kapelle<\/strong><\/p>\n\n\n\n<p>Am 2. November 2024 haben wir das 650-j\u00e4hrige Bestehen der St. Anna-Kapelle gefeiert. Probst Dr. Langenfeld und der MGV Eintracht Vadrup f\u00fchrten uns durch die ansprechende Messe. Anschlie\u00dfend stellten Margret Eickholt und Helmut Sommer die Geschichte in Wort und Bild sehr ansprechend vor. Bei einem Imbiss und k\u00fchlen Getr\u00e4nken wurde in gem\u00fctlicher Runde am Brinker Platz gefeiert. Die beiden guten Seelen Ursula und Albert Greshake wurden nach \u00fcber 37 Jahren K\u00fcsterarbeit verabschiedet.<\/p>\n\n\n\n<figure class=\"wp-block-image size-large\"><img loading=\"lazy\" decoding=\"async\" width=\"1024\" height=\"909\" src=\"https:\/\/st-anna-kapelle-westbevern.de\/wp-content\/uploads\/2024\/12\/Abschied-Kuester-Nov-24-2-1024x909.jpg\" alt=\"\" class=\"wp-image-351\" srcset=\"https:\/\/st-anna-kapelle-westbevern.de\/wp-content\/uploads\/2024\/12\/Abschied-Kuester-Nov-24-2-1024x909.jpg 1024w, https:\/\/st-anna-kapelle-westbevern.de\/wp-content\/uploads\/2024\/12\/Abschied-Kuester-Nov-24-2-300x266.jpg 300w, https:\/\/st-anna-kapelle-westbevern.de\/wp-content\/uploads\/2024\/12\/Abschied-Kuester-Nov-24-2-768x682.jpg 768w, https:\/\/st-anna-kapelle-westbevern.de\/wp-content\/uploads\/2024\/12\/Abschied-Kuester-Nov-24-2-1536x1364.jpg 1536w, https:\/\/st-anna-kapelle-westbevern.de\/wp-content\/uploads\/2024\/12\/Abschied-Kuester-Nov-24-2-2048x1818.jpg 2048w, https:\/\/st-anna-kapelle-westbevern.de\/wp-content\/uploads\/2024\/12\/Abschied-Kuester-Nov-24-2-850x755.jpg 850w\" sizes=\"auto, (max-width: 1024px) 100vw, 1024px\" \/><\/figure>\n\n\n\n<figure class=\"wp-block-image size-large\"><img loading=\"lazy\" decoding=\"async\" width=\"1024\" height=\"768\" src=\"https:\/\/st-anna-kapelle-westbevern.de\/wp-content\/uploads\/2024\/12\/650-Jahre-St-Anna-Nov-24-2-1024x768.jpg\" alt=\"\" class=\"wp-image-349\" srcset=\"https:\/\/st-anna-kapelle-westbevern.de\/wp-content\/uploads\/2024\/12\/650-Jahre-St-Anna-Nov-24-2-1024x768.jpg 1024w, https:\/\/st-anna-kapelle-westbevern.de\/wp-content\/uploads\/2024\/12\/650-Jahre-St-Anna-Nov-24-2-300x225.jpg 300w, https:\/\/st-anna-kapelle-westbevern.de\/wp-content\/uploads\/2024\/12\/650-Jahre-St-Anna-Nov-24-2-768x576.jpg 768w, https:\/\/st-anna-kapelle-westbevern.de\/wp-content\/uploads\/2024\/12\/650-Jahre-St-Anna-Nov-24-2-1536x1152.jpg 1536w, https:\/\/st-anna-kapelle-westbevern.de\/wp-content\/uploads\/2024\/12\/650-Jahre-St-Anna-Nov-24-2-2048x1536.jpg 2048w, https:\/\/st-anna-kapelle-westbevern.de\/wp-content\/uploads\/2024\/12\/650-Jahre-St-Anna-Nov-24-2-850x638.jpg 850w\" sizes=\"auto, (max-width: 1024px) 100vw, 1024px\" \/><\/figure>\n\n\n\n<p>Mit Datum vom 1. November 1374 wird die Kapelle in Vadrup zum ersten Mal urkundlich erw\u00e4hnt. Sie ist urspr\u00fcnglich zu \u201eEhren Unserer Lieben Frau und des Hl. Georg\u201c geweiht. Weitere Urkunden legen nahe, dass die Kapelle zu diesem Zeitpunkt schon recht lange existiert haben muss. Sie wurde von den Einwohnern Vadrups finanziell unterhalten. Wann die Kapelle dann der Hl. Mutter Anna geweiht wurde, ist bisher nicht bekannt.<\/p>\n\n\n\n<p>1788\/89 wird die alte Kapelle abgebrochen und eine neue gebaut. Diese wird 1834 renoviert, 1919 um einen Meer verl\u00e4ngert und ein Jahr sp\u00e4ter in l\u00e4ndlichem Barock ausgemalt.<\/p>\n\n\n\n<p>Aufgrund ihrer maroden Bausubstanz l\u00e4sst der Kirchenvorstand von Westbevern einen Neubau errichten, der am 1. Mai 1959 von Generalvikar Laurenz B\u00f6ggering geweiht wird. So dient der jetzige Kapellenbau seit nunmehr 65 Jahren den Vadrupern als Gottesdienst- und Gebetsst\u00e4tte.<\/p>\n\n\n\n<p><\/p>\n","protected":false},"excerpt":{"rendered":"<p>\u2728 WEITE WAGENGeistliche Abende in St. Anna Im M\u00e4rz \u00f6ffnen wir den Raum f\u00fcr Stille, Tiefe und neue Perspektiven.Vier besondere Meditationsformen \u2013 vier Wege, die eigene Weite zu entdecken.\ud83d\udd6f Bildmeditation\ud83d\udcc5&#8230;<\/p>\n","protected":false},"author":2,"featured_media":0,"parent":0,"menu_order":0,"comment_status":"closed","ping_status":"closed","template":"","meta":{"footnotes":""},"class_list":["post-334","page","type-page","status-publish","hentry"],"_links":{"self":[{"href":"https:\/\/st-anna-kapelle-westbevern.de\/index.php?rest_route=\/wp\/v2\/pages\/334","targetHints":{"allow":["GET"]}}],"collection":[{"href":"https:\/\/st-anna-kapelle-westbevern.de\/index.php?rest_route=\/wp\/v2\/pages"}],"about":[{"href":"https:\/\/st-anna-kapelle-westbevern.de\/index.php?rest_route=\/wp\/v2\/types\/page"}],"author":[{"embeddable":true,"href":"https:\/\/st-anna-kapelle-westbevern.de\/index.php?rest_route=\/wp\/v2\/users\/2"}],"replies":[{"embeddable":true,"href":"https:\/\/st-anna-kapelle-westbevern.de\/index.php?rest_route=%2Fwp%2Fv2%2Fcomments&post=334"}],"version-history":[{"count":5,"href":"https:\/\/st-anna-kapelle-westbevern.de\/index.php?rest_route=\/wp\/v2\/pages\/334\/revisions"}],"predecessor-version":[{"id":364,"href":"https:\/\/st-anna-kapelle-westbevern.de\/index.php?rest_route=\/wp\/v2\/pages\/334\/revisions\/364"}],"wp:attachment":[{"href":"https:\/\/st-anna-kapelle-westbevern.de\/index.php?rest_route=%2Fwp%2Fv2%2Fmedia&parent=334"}],"curies":[{"name":"wp","href":"https:\/\/api.w.org\/{rel}","templated":true}]}}