{"id":245,"date":"2024-04-28T14:49:51","date_gmt":"2024-04-28T12:49:51","guid":{"rendered":"https:\/\/st-anna-kapelle-westbevern.de\/?page_id=245"},"modified":"2024-04-28T17:05:52","modified_gmt":"2024-04-28T15:05:52","slug":"der-foerderverein","status":"publish","type":"page","link":"https:\/\/st-anna-kapelle-westbevern.de\/?page_id=245","title":{"rendered":"Der F\u00f6rderverein"},"content":{"rendered":"\n<p>Auf die Initiative von Norbert Weiligmann und Probst Langenfeld hin, hat sich im M\u00e4rz 2022 der F\u00f6rderverein der St. Anna-Kapelle gegr\u00fcndet. Vor 65 Jahren wurde die heutige St. Anna-Kapelle mit ihrem markanten Spitzturm eingeweiht. Sie ist der Heiligen Anna, der Mutter Marias gewidmet und schlicht, aber besinnlich ausgestaltet. Die Kapelle und ihre Vorg\u00e4nger bauten an gleicher Stelle, nah am Brinker Platz im Herzen Vadrups, haben seit 1374 (Ersterw\u00e4hnung) das spirituelle Leben im Ortsteil gepr\u00e4gt. <\/p>\n\n\n\n<p>Mittlerweile kann der F\u00f6rderverein 30 Mitglieder um den 1. Vorsitzenden Wilhelm Westbrink z\u00e4hlen. Bei Interesse besteht eine Beitrittsm\u00f6glichkeit bei jedem Vorstandsmitglied. Hauptzweck des Vereins ist es, in Absprache mit dem Kirchenvorstand die Kapelle f\u00fcr Gottesdienst und sonstige geistliche und kulturelle Veranstaltungen zu erhalten, zu pflegen und auszugestalten. Ziel ist die Entwicklung der Kapelle zu einem Zentrum Vadrups, in dem sich nicht nur das kirchlich-religi\u00f6se, sondern auch das kulturelle und d\u00f6rfliche Leben, Brauchtum und Miteinander einbezogen werden. Dies kann z. B. durch geistliche und weltliche Lesungen, Vortr\u00e4ge, und musikalische oder sonstige k\u00fcnstlerische Impulse genauso geschehen, wie die vermehrte Abhaltung von Gottesdiensten. Vieles ist vorstellbar, wenn es der Bedeutung und W\u00fcrde des Ortes entspricht. Politische Veranstaltungen jeglicher Art sind nicht gestattet. Einheimische und Zugezogene, Junge bis Alte, religi\u00f6s und nicht, sollten sich eingeladen f\u00fchlen, in oder um der Kapelle an Veranstaltungen teilzunehmen oder sich inspirieren lassen, selbst aktiv zu werden. So kann durch das Engagement der Menschen und den unterst\u00fctzenden F\u00f6rderverein, in der St. Anna-Kapelle als Teil der Telgter Pfarrei St. Marien und des pastoralen Raums der Zukunft, neues kirchliches und gesellschaftliches Leben entstehen. <\/p>\n","protected":false},"excerpt":{"rendered":"<p>Auf die Initiative von Norbert Weiligmann und Probst Langenfeld hin, hat sich im M\u00e4rz 2022 der F\u00f6rderverein der St. Anna-Kapelle gegr\u00fcndet. Vor 65 Jahren wurde die heutige St. Anna-Kapelle mit&#8230;<\/p>\n","protected":false},"author":1,"featured_media":0,"parent":0,"menu_order":0,"comment_status":"closed","ping_status":"closed","template":"","meta":{"footnotes":""},"class_list":["post-245","page","type-page","status-publish","hentry"],"_links":{"self":[{"href":"https:\/\/st-anna-kapelle-westbevern.de\/index.php?rest_route=\/wp\/v2\/pages\/245","targetHints":{"allow":["GET"]}}],"collection":[{"href":"https:\/\/st-anna-kapelle-westbevern.de\/index.php?rest_route=\/wp\/v2\/pages"}],"about":[{"href":"https:\/\/st-anna-kapelle-westbevern.de\/index.php?rest_route=\/wp\/v2\/types\/page"}],"author":[{"embeddable":true,"href":"https:\/\/st-anna-kapelle-westbevern.de\/index.php?rest_route=\/wp\/v2\/users\/1"}],"replies":[{"embeddable":true,"href":"https:\/\/st-anna-kapelle-westbevern.de\/index.php?rest_route=%2Fwp%2Fv2%2Fcomments&post=245"}],"version-history":[{"count":2,"href":"https:\/\/st-anna-kapelle-westbevern.de\/index.php?rest_route=\/wp\/v2\/pages\/245\/revisions"}],"predecessor-version":[{"id":331,"href":"https:\/\/st-anna-kapelle-westbevern.de\/index.php?rest_route=\/wp\/v2\/pages\/245\/revisions\/331"}],"wp:attachment":[{"href":"https:\/\/st-anna-kapelle-westbevern.de\/index.php?rest_route=%2Fwp%2Fv2%2Fmedia&parent=245"}],"curies":[{"name":"wp","href":"https:\/\/api.w.org\/{rel}","templated":true}]}}