{"id":130,"date":"2024-04-10T17:02:04","date_gmt":"2024-04-10T17:02:04","guid":{"rendered":"https:\/\/st-anna-kapelle-westbevern.de\/?page_id=130"},"modified":"2024-12-11T18:59:08","modified_gmt":"2024-12-11T17:59:08","slug":"geschichte","status":"publish","type":"page","link":"https:\/\/st-anna-kapelle-westbevern.de\/?page_id=130","title":{"rendered":"St. Anna-Kapelle"},"content":{"rendered":"\n<p><em>erstellt von Helmut Sommer, Pfarrchronist<\/em><\/p>\n\n\n\n<p id=\"block-6c6c133d-4306-48c1-bfda-0dc9805726e2\">Im Telgter Stadtteil Westbevern-Vadrup befindet sich mit Mittelpunkt des Ortes die St. Anna Kapelle. Diese hat eine \u00fcber 650-j\u00e4hrige Geschichte. Zum ersten mal wird die Kapelle am<\/p>\n\n\n\n<p id=\"block-45ab428d-ccb6-4b5a-8786-0ac6b1683530\"><strong>1. November 1374<\/strong> urkundlich erw\u00e4hnt. In dieser <strong>Urkunde<\/strong> ist vereinbart worden, dass der amtierende Pfarrer und seine Nachfolger in der zu \u201eEhren Unserer Lieben Frau\u201c und des heiligen Georg erbaute und geweihte Kapelle dort einmal im Monat lesen soll. Die erste Kapelle wurde aus Holz errichtet, so wie es bis ins 16. Jahrhundert bei Kirchen und Kapelle \u00fcblich war. Zu einem sp\u00e4teren nicht genannten Zeitpunkt wurde die Kapelle in \u201eSt. Anna-Kapelle\u201c umgenannt.<\/p>\n\n\n\n<p id=\"block-4cfa69a8-d472-4a8a-9c74-05a23e58bbdf\">Alten Aufzeichnungen nach soll die erste Kapelle Beziehungen zum Freistuhl Vadrup gehabt haben.<\/p>\n\n\n\n<p id=\"block-be879cef-a580-4103-8ec3-576af6437cd0\">Die Freist\u00fchle stellten als unterste Gerichtsorganisation die Bauerschaftsgerichte bis Anfang des 19. Jahrhunderts dar. In diesen wurden Feld- und Wegestreitigkeiten, also leichte Vergehen, und Verteilung \u00f6ffentlicher und gemeindlicher Lasten, verhandelt.<\/p>\n\n\n\n<p id=\"block-6d345dbe-e9f9-4260-adcd-92b18e7b93d6\">Seit der Gr\u00fcndung der Vikarie in Westbevern im Jahre 1702 bis zum Weggang des letzten Vikars im Jahre 1954 las der Vikar zwei bis dreimal in der Kapelle die Messe. Danach gab es jeweils montags die Schulmesse und seit Januar 1977 findet die Messe an jedem Dienstag um 9 Uhr statt. Zu den Hochfesten Ostern, Pfingsten und Weihnachten ist die Festmesse jeweils am ersten Feiertag um 8 Uhr in der Kapelle.<\/p>\n\n\n\n<p id=\"block-272759e3-3257-4426-9ab7-f5eb734c0eb4\">Im Jahre <strong>1753<\/strong> goss der Glockengie\u00dfer Friedericus Schweys aus M\u00fcnster die <strong>Bronze-Glocke<\/strong>. Diese ist 43 kg schwer, die H\u00f6he betr\u00e4gt 36 cm und hat den Schlagton \u201ec\u201c. Auf der Glocke befindet sich ein Bildnis Anna Selbdritt, also Maria mit ihrem Sohn und ihrer Mutter Anna.<\/p>\n\n\n\n<p class=\"has-text-align-center\" id=\"block-272759e3-3257-4426-9ab7-f5eb734c0eb4\"><img loading=\"lazy\" decoding=\"async\" width=\"150\" height=\"200\" class=\"wp-image-211\" style=\"width: 150px;\" src=\"https:\/\/st-anna-kapelle-westbevern.de\/wp-content\/uploads\/2024\/04\/ps_2024_04_03___10_26_11.jpg\" alt=\"\" srcset=\"https:\/\/st-anna-kapelle-westbevern.de\/wp-content\/uploads\/2024\/04\/ps_2024_04_03___10_26_11.jpg 1698w, https:\/\/st-anna-kapelle-westbevern.de\/wp-content\/uploads\/2024\/04\/ps_2024_04_03___10_26_11-225x300.jpg 225w, https:\/\/st-anna-kapelle-westbevern.de\/wp-content\/uploads\/2024\/04\/ps_2024_04_03___10_26_11-767x1024.jpg 767w, https:\/\/st-anna-kapelle-westbevern.de\/wp-content\/uploads\/2024\/04\/ps_2024_04_03___10_26_11-768x1025.jpg 768w, https:\/\/st-anna-kapelle-westbevern.de\/wp-content\/uploads\/2024\/04\/ps_2024_04_03___10_26_11-1150x1536.jpg 1150w, https:\/\/st-anna-kapelle-westbevern.de\/wp-content\/uploads\/2024\/04\/ps_2024_04_03___10_26_11-1534x2048.jpg 1534w, https:\/\/st-anna-kapelle-westbevern.de\/wp-content\/uploads\/2024\/04\/ps_2024_04_03___10_26_11-300x401.jpg 300w, https:\/\/st-anna-kapelle-westbevern.de\/wp-content\/uploads\/2024\/04\/ps_2024_04_03___10_26_11-850x1135.jpg 850w\" sizes=\"auto, (max-width: 150px) 100vw, 150px\" \/><\/p>\n\n\n\n<p id=\"block-ec5d0f05-afe8-43ea-b39c-c0ca6be6d665\">In den Jahren <strong>1788\/89<\/strong> wurde die vermutlich fr\u00fcheste <strong>Kapelle<\/strong> abgebrochen und an ihrer Stelle eine neue in damals \u00fcblicher <strong>Fachwerkkonstruktion<\/strong> erbaut. 1919 wurde die inzwischen zu kleine Kapelle, dessen Eingang entgegen der heutigen Kapelle den Eingang hatte, um einen Meter nach Westen verl\u00e4ngert. Au\u00dferdem verband man die Au\u00dfenw\u00e4nde mit quer durch den Raum verlaufenen Stangen, da diese den Druck der Sparren nachgaben.<\/p>\n\n\n\n<p class=\"has-text-align-center has-black-color has-text-color has-link-color wp-elements-2ffa1f490fd6cbf37ab03e4bb169067a\" id=\"block-ec5d0f05-afe8-43ea-b39c-c0ca6be6d665\">                            <img loading=\"lazy\" decoding=\"async\" width=\"182\" height=\"259\" class=\"wp-image-213\" style=\"width: 182px;\" src=\"https:\/\/st-anna-kapelle-westbevern.de\/wp-content\/uploads\/2024\/04\/ps_2024_04_03___10_22_19.jpg\" alt=\"\" srcset=\"https:\/\/st-anna-kapelle-westbevern.de\/wp-content\/uploads\/2024\/04\/ps_2024_04_03___10_22_19.jpg 1644w, https:\/\/st-anna-kapelle-westbevern.de\/wp-content\/uploads\/2024\/04\/ps_2024_04_03___10_22_19-211x300.jpg 211w, https:\/\/st-anna-kapelle-westbevern.de\/wp-content\/uploads\/2024\/04\/ps_2024_04_03___10_22_19-719x1024.jpg 719w, https:\/\/st-anna-kapelle-westbevern.de\/wp-content\/uploads\/2024\/04\/ps_2024_04_03___10_22_19-768x1094.jpg 768w, https:\/\/st-anna-kapelle-westbevern.de\/wp-content\/uploads\/2024\/04\/ps_2024_04_03___10_22_19-1078x1536.jpg 1078w, https:\/\/st-anna-kapelle-westbevern.de\/wp-content\/uploads\/2024\/04\/ps_2024_04_03___10_22_19-1438x2048.jpg 1438w, https:\/\/st-anna-kapelle-westbevern.de\/wp-content\/uploads\/2024\/04\/ps_2024_04_03___10_22_19-300x427.jpg 300w, https:\/\/st-anna-kapelle-westbevern.de\/wp-content\/uploads\/2024\/04\/ps_2024_04_03___10_22_19-850x1211.jpg 850w\" sizes=\"auto, (max-width: 182px) 100vw, 182px\" \/> <img loading=\"lazy\" decoding=\"async\" width=\"200\" height=\"268\" class=\"wp-image-210\" style=\"width: 200px;\" src=\"https:\/\/st-anna-kapelle-westbevern.de\/wp-content\/uploads\/2024\/04\/ps_2024_04_03___10_23_35.jpg\" alt=\"\" srcset=\"https:\/\/st-anna-kapelle-westbevern.de\/wp-content\/uploads\/2024\/04\/ps_2024_04_03___10_23_35.jpg 1463w, https:\/\/st-anna-kapelle-westbevern.de\/wp-content\/uploads\/2024\/04\/ps_2024_04_03___10_23_35-224x300.jpg 224w, https:\/\/st-anna-kapelle-westbevern.de\/wp-content\/uploads\/2024\/04\/ps_2024_04_03___10_23_35-766x1024.jpg 766w, https:\/\/st-anna-kapelle-westbevern.de\/wp-content\/uploads\/2024\/04\/ps_2024_04_03___10_23_35-768x1027.jpg 768w, https:\/\/st-anna-kapelle-westbevern.de\/wp-content\/uploads\/2024\/04\/ps_2024_04_03___10_23_35-1148x1536.jpg 1148w, https:\/\/st-anna-kapelle-westbevern.de\/wp-content\/uploads\/2024\/04\/ps_2024_04_03___10_23_35-300x401.jpg 300w, https:\/\/st-anna-kapelle-westbevern.de\/wp-content\/uploads\/2024\/04\/ps_2024_04_03___10_23_35-850x1137.jpg 850w\" sizes=\"auto, (max-width: 200px) 100vw, 200px\" \/>            <img loading=\"lazy\" decoding=\"async\" width=\"251\" height=\"184\" class=\"wp-image-215\" style=\"width: 251px;\" src=\"https:\/\/st-anna-kapelle-westbevern.de\/wp-content\/uploads\/2024\/04\/ps_2024_04_03___10_24_59-1-rotated.jpg\" alt=\"\" srcset=\"https:\/\/st-anna-kapelle-westbevern.de\/wp-content\/uploads\/2024\/04\/ps_2024_04_03___10_24_59-1-rotated.jpg 2324w, https:\/\/st-anna-kapelle-westbevern.de\/wp-content\/uploads\/2024\/04\/ps_2024_04_03___10_24_59-1-300x220.jpg 300w, https:\/\/st-anna-kapelle-westbevern.de\/wp-content\/uploads\/2024\/04\/ps_2024_04_03___10_24_59-1-1024x750.jpg 1024w, https:\/\/st-anna-kapelle-westbevern.de\/wp-content\/uploads\/2024\/04\/ps_2024_04_03___10_24_59-1-768x562.jpg 768w, https:\/\/st-anna-kapelle-westbevern.de\/wp-content\/uploads\/2024\/04\/ps_2024_04_03___10_24_59-1-1536x1125.jpg 1536w, https:\/\/st-anna-kapelle-westbevern.de\/wp-content\/uploads\/2024\/04\/ps_2024_04_03___10_24_59-1-2048x1500.jpg 2048w, https:\/\/st-anna-kapelle-westbevern.de\/wp-content\/uploads\/2024\/04\/ps_2024_04_03___10_24_59-1-850x623.jpg 850w\" sizes=\"auto, (max-width: 251px) 100vw, 251px\" \/><\/p>\n\n\n\n<p class=\"has-small-font-size\"><em>                                                      Kapelle um 1950 Vorder-\/R\u00fcckansicht                                                 Kapelle 1910\/1920<\/em><\/p>\n\n\n\n<p id=\"block-f0692681-6164-450d-9262-6f3cb948017b\">Aufgrund der maroden Bausubstanz und der Vielzahl an Renovierungsma\u00dfnahmen, beschloss der seinerzeitige Kirchenvorstand von Westbevern im Juli 1957 den Neubau der heutigen Kapelle. Am 11. August 1958 wurde die alte Kapelle abgebrochen. Bereits eine Woche sp\u00e4ter begann der Neubau und wegen der trocken Witterung waren Mitte Oktober die Maurerarbeiten meist vollendet. Das Richtfest war am 20. November 1958 und die Urkunde f\u00fcr den k\u00fcnftigen Altar, dessen Text \u00fcberliefert ist, eingef\u00fcgt. Die Arbeiten an der Kapelle schritten z\u00fcgig voran. So konnten im Januar 1959 nach den Dacharbeiten 8.200 braune und tief gew\u00f6lbte Hohlziegel aufgehangen und eingedockt werden.<\/p>\n\n\n\n<p id=\"block-3be20155-a485-4ac4-85d0-4200f66086de\"><strong>1938<\/strong> zimmerte der M\u00f6belschreiner August Lienemann neue <strong>B\u00e4nke<\/strong> f\u00fcr die Kapelle. Drei der heute noch existierenden B\u00e4nke, dessen Namen im hinteren Bereich der B\u00e4nke eingeritzt sind, stifteten die Familien Fartmann (heute N\u00fcnning\/Weiligmann), B\u00f6ckmann und Schulze Nahrup aus dem Wiewelhook.<\/p>\n\n\n\n<p id=\"block-43baf6b3-56be-4017-9cda-1d2374dbcef0\">Am Freitag, 20. M\u00e4rz 1959 wurde der Altar aus Anr\u00f6chter Dolomit auf vier S\u00e4ulen aufgebaut und die aus der gleichen Gesteinsart hergestellten Weihwasserbecken angebracht. Nach den elektrischen Arbeit und Einbau der Rundbogen-Fenster mit Bleiverglasung kam der gro\u00dfe Tag.<\/p>\n\n\n\n<p id=\"block-701a1e54-4425-4b38-b04a-fa622a27276c\">Unter gro\u00dfer Beteiligung der Bev\u00f6lkerung weihte nach neunmonatiger Bauzeit am <strong>Freitag, 1. Mai<\/strong> <strong>1959<\/strong>, der damalige Generalvikar und sp\u00e4terer Weihbischof Laurenz B\u00f6ggering feierlich ein. Der Generalvikar lobte und bedankte sich f\u00fcr den gro\u00dfen Opfersinn der Gemeinde und betonte zudem, dass dieses Gotteshaus ein Schmuckst\u00fcck f\u00fcr Westbevern und \u00fcber den Landkreis M\u00fcnster hinaus sei. Gesanglich wurde die Feierstunde vom MGV \u201eEintracht\u201c Westbevern-Vadrup.<\/p>\n\n\n\n<p id=\"block-5c72a090-5f76-48d2-b869-33b17ce2079c\">Die Kapelle mit rotem Mauerwerk hat eine L\u00e4nge von 18,60 m, eine Breite von 14,55 m und das mit Kupfer gedeckte sehr schmale T\u00fcrmchen ist 11,50 m hoch. Die Kapelle verf\u00fcgt \u00fcber 109 Sitzpl\u00e4tze und hat eine sehr gute Akustik.<\/p>\n\n\n\n<p id=\"block-519f17ec-e7d2-4781-a922-ac3276c9c1b4\">Zum Fest Maria Geburt, am 8. September <strong>1959<\/strong>, wurde auf die linken Seite am Altar die 95 cm gro\u00dfe <strong>Madonnenfigur<\/strong> aus alter Eiche aufgestellt. Bildhauer Hubert Janning aus M\u00fcnster hatte diese Figur angefertigt.<\/p>\n\n\n\n<p class=\"has-text-align-center\" id=\"block-519f17ec-e7d2-4781-a922-ac3276c9c1b4\">                                                           <img loading=\"lazy\" decoding=\"async\" width=\"150\" height=\"200\" class=\"wp-image-220\" style=\"width: 150px;\" src=\"https:\/\/st-anna-kapelle-westbevern.de\/wp-content\/uploads\/2024\/04\/20240329_132343-scaled.jpg\" alt=\"\" srcset=\"https:\/\/st-anna-kapelle-westbevern.de\/wp-content\/uploads\/2024\/04\/20240329_132343-scaled.jpg 1920w, https:\/\/st-anna-kapelle-westbevern.de\/wp-content\/uploads\/2024\/04\/20240329_132343-225x300.jpg 225w, https:\/\/st-anna-kapelle-westbevern.de\/wp-content\/uploads\/2024\/04\/20240329_132343-768x1024.jpg 768w, https:\/\/st-anna-kapelle-westbevern.de\/wp-content\/uploads\/2024\/04\/20240329_132343-1152x1536.jpg 1152w, https:\/\/st-anna-kapelle-westbevern.de\/wp-content\/uploads\/2024\/04\/20240329_132343-1536x2048.jpg 1536w, https:\/\/st-anna-kapelle-westbevern.de\/wp-content\/uploads\/2024\/04\/20240329_132343-300x400.jpg 300w, https:\/\/st-anna-kapelle-westbevern.de\/wp-content\/uploads\/2024\/04\/20240329_132343-850x1133.jpg 850w\" sizes=\"auto, (max-width: 150px) 100vw, 150px\" \/><\/p>\n\n\n\n<p id=\"block-b888d2ff-2d20-44c1-a8d2-ccc9fefbadd8\">Im Verlauf der Jahre wurde die Kapelle im Innern mehr und mehr ausgestattet. Nach dem Einbau der Rohre f\u00fcr die sp\u00e4ter installierte Heizung im November 1959 konnte der Bodenbelag der Marmorplatten gelegt werden.<\/p>\n\n\n\n<p id=\"block-585cdeef-4ed8-4324-8cd1-cee80f6a1fd2\">Zum Weihnachtsfest <strong>1959<\/strong> konnte die <strong>Oberammergauer Krippe<\/strong>, bestehend aus der Heiligen Familie und den Heiligen Drei K\u00f6nigen, erstmals aufgestellt werden. Weitere Figuren kamen durch Spenden&nbsp; im Laufe der Jahre dazu: 1991 zwei Hirten und f\u00fcnf Schafen, 2000 einen Ochsen und Esel, 2001 einen weiteren Hirten und 2009 ein neuer Krippenstall.<\/p>\n\n\n\n<p id=\"block-373b2b5b-af48-4fad-81cf-b94db4fd90eb\">Am Palmsonntag,10. April <strong>1960<\/strong> weihte der Franziskanerpater Reinhold den <strong>Kreuzweg<\/strong>, die 14 Vadruper Familien stifteten, aus auf&nbsp; Holzplatten aufgezogenen Drucken ein. Je sieben Platten h\u00e4ngen rechts und links im hinteren Bereich der Kapelle.<\/p>\n\n\n\n<p id=\"block-018e64d7-7666-4cbe-bd50-443a34c2215c\">Bisher hatte der Sch\u00fctzenverein Westbevern-Vadrup keinen geeigneten Platz f\u00fcr die Totenehrung. So beschloss dessen Vorstand, einen <strong>Gedenkstein<\/strong> vor der St. Anna-Kapelle aufzustellen. Am Freitag, 27. November <strong>1981<\/strong> fand eine Messe unter Mitgestaltung des MGV \u201eEintracht\u201c Westbevern-Vadrup statt. Anschlie\u00dfend segnete Pfarrer Wilhelm Elskamp bei Fackellicht den neuen Gedenkstein ein. Diese Feierstunde begleitete der Vadruper Fanfarenzug mit der entsprechenden Musik. Jedes Jahr im Rahmen des Sch\u00fctzenfestes begann der Vadruper Sch\u00fctzenverein mit einer Messe in der St. Anna-Kapelle. Aufgrund des immer h\u00f6her werdenden Besuches ist seit 1996 die Messe im Festzelt am Sch\u00fctzenplatz im Sickerhook.<\/p>\n\n\n\n<p id=\"block-aeddbde4-8294-4321-a9b1-e959b2bce680\">Unsere Vorfahren haben die Kapelle unter dem Schutz der heiligen Anna gestellt. Da aber eine Darstellung der heiligen Anna fehlte, stiftete aus Dankbarkeit das Ehepaar Alois und Paula Riemann eine <strong>Anna-Statue<\/strong>. Diese 92 cm hohe Figur, dargestellt mit einem Buch, hatte Heinrich Braker aus Warstein geschnitzt und wurde w\u00e4hrend der w\u00f6chentlichen Messe am Dienstag, 28. Juli <strong>1987<\/strong>, durch Pfarrer Wilhelm Elskamp eingeweiht.<\/p>\n\n\n\n<p class=\"has-text-align-center\" id=\"block-aeddbde4-8294-4321-a9b1-e959b2bce680\">                                                              <img loading=\"lazy\" decoding=\"async\" width=\"150\" height=\"200\" class=\"wp-image-219\" style=\"width: 150px;\" src=\"https:\/\/st-anna-kapelle-westbevern.de\/wp-content\/uploads\/2024\/04\/20240329_132845-scaled.jpg\" alt=\"\" srcset=\"https:\/\/st-anna-kapelle-westbevern.de\/wp-content\/uploads\/2024\/04\/20240329_132845-scaled.jpg 1920w, https:\/\/st-anna-kapelle-westbevern.de\/wp-content\/uploads\/2024\/04\/20240329_132845-225x300.jpg 225w, https:\/\/st-anna-kapelle-westbevern.de\/wp-content\/uploads\/2024\/04\/20240329_132845-768x1024.jpg 768w, https:\/\/st-anna-kapelle-westbevern.de\/wp-content\/uploads\/2024\/04\/20240329_132845-1152x1536.jpg 1152w, https:\/\/st-anna-kapelle-westbevern.de\/wp-content\/uploads\/2024\/04\/20240329_132845-1536x2048.jpg 1536w, https:\/\/st-anna-kapelle-westbevern.de\/wp-content\/uploads\/2024\/04\/20240329_132845-300x400.jpg 300w, https:\/\/st-anna-kapelle-westbevern.de\/wp-content\/uploads\/2024\/04\/20240329_132845-850x1133.jpg 850w\" sizes=\"auto, (max-width: 150px) 100vw, 150px\" \/><\/p>\n\n\n\n<p id=\"block-2f9481a7-07d6-4c8a-91c8-c0b84c8bc1c0\">Im M\u00e4rz <strong>1997<\/strong> schuf die Kirchengemeinde einen neuen <strong>Tabernakel <\/strong>an, dessen T\u00fcr reliefartig mit Weizen\u00e4hren verziert ist. Dieser befindet sich auf einen von Steinmetz Dieter L\u00fcttmann (Westbevern) aus Sandstein angefertigten Stele.<\/p>\n\n\n\n<p id=\"block-e952d3c1-1a6d-49d2-9069-00ba5ee32829\">Erstmals konnte zu Beginn der Fastenzeit <strong>1998 <\/strong>das 1,50 m mal 3,00 m gro\u00dfe violette <strong>Hungertuch<\/strong> an der R\u00fcckseite des Altarraumes aufgehangen werden. Es hat als Motiv das \u201eFries der Verg\u00e4nglichkeit\u201c: eine erloschene Kerze, einen zerbrochenen Krug, ein Stundenglas, einen vertrockneten Ast und als f\u00fcnftes eine Ruine. F\u00fcnf namentlich bekannte eifrige Frauen aus Westbevern schufen diese Paramenten-Stickerei in sechs Wochen her.<\/p>\n\n\n\n<p class=\"has-text-align-center\" id=\"block-e952d3c1-1a6d-49d2-9069-00ba5ee32829\">&nbsp;<img loading=\"lazy\" decoding=\"async\" width=\"246\" height=\"185\" class=\"wp-image-225\" style=\"width: 246px;\" src=\"https:\/\/st-anna-kapelle-westbevern.de\/wp-content\/uploads\/2024\/04\/20240329_135118-scaled.jpg\" alt=\"\" srcset=\"https:\/\/st-anna-kapelle-westbevern.de\/wp-content\/uploads\/2024\/04\/20240329_135118-scaled.jpg 2560w, https:\/\/st-anna-kapelle-westbevern.de\/wp-content\/uploads\/2024\/04\/20240329_135118-300x225.jpg 300w, https:\/\/st-anna-kapelle-westbevern.de\/wp-content\/uploads\/2024\/04\/20240329_135118-1024x768.jpg 1024w, https:\/\/st-anna-kapelle-westbevern.de\/wp-content\/uploads\/2024\/04\/20240329_135118-768x576.jpg 768w, https:\/\/st-anna-kapelle-westbevern.de\/wp-content\/uploads\/2024\/04\/20240329_135118-1536x1152.jpg 1536w, https:\/\/st-anna-kapelle-westbevern.de\/wp-content\/uploads\/2024\/04\/20240329_135118-2048x1536.jpg 2048w, https:\/\/st-anna-kapelle-westbevern.de\/wp-content\/uploads\/2024\/04\/20240329_135118-850x638.jpg 850w\" sizes=\"auto, (max-width: 246px) 100vw, 246px\" \/><\/p>\n\n\n\n<p id=\"block-95eede9e-550b-4cdb-a07e-c357d051eeab\">Mit einem Festgottesdienst und anschlie\u00dfendem Fest der Begegnung wurde das 40-j\u00e4hrige Bestehen und die 625-j\u00e4hrige Ersterw\u00e4hnung am 9. Mai <strong>1999 <\/strong>gefeiert. Auch der MGV \u201eEintracht\u201c Westbevern-Vadrup brachte zu diesem Jubil\u00e4um ein St\u00e4ndchen. Dazu erschien eine von Helmut Sommer geschriebenen Brosch\u00fcre \u00fcber die Geschichte der Kapelle.&nbsp;<\/p>\n\n\n\n<p id=\"block-4cf1937e-3b41-4a3d-8797-810078314165\">Im Juli <strong>1999 <\/strong>stellte Dieter L\u00fcttmann aus Westbevern einen neuen <strong>Ambo<\/strong> als versp\u00e4tetes Geschenk zum Jubil\u00e4um der St. Anna-Kapelle her. Ein Nichtgenannter hatte es gestiftet.<\/p>\n\n\n\n<p id=\"block-884271e6-92d4-47a8-8eea-01b09199adb1\">Zum Weihnachtsfest <strong>2003 <\/strong>wurde die neue <strong>Orgel<\/strong> von der Firma Benedikt in Fallingbostel aufgestellt. Die Kosten in H\u00f6he von 12.000 Euro kamen aus freiwilligen Spenden zusammen.<\/p>\n\n\n\n<p id=\"block-d0e9ae88-b0aa-4ee8-9e30-67e085c5e0cd\">Das <strong>50-j\u00e4hrige Bestehen<\/strong> der St. Anna-Kapelle fand am 1. Mai <strong>2009<\/strong> mit einem Festgottesdienst im Beisein von Weihbischof em. Friedrich Ostermann statt. Danach brachte gem\u00fctlichen Beisammensein der Vadruper Fanfarenzug ein kleines Konzert.&nbsp;<\/p>\n","protected":false},"excerpt":{"rendered":"<p>erstellt von Helmut Sommer, Pfarrchronist Im Telgter Stadtteil Westbevern-Vadrup befindet sich mit Mittelpunkt des Ortes die St. Anna Kapelle. Diese hat eine \u00fcber 650-j\u00e4hrige Geschichte. Zum ersten mal wird die&#8230;<\/p>\n","protected":false},"author":1,"featured_media":0,"parent":0,"menu_order":0,"comment_status":"closed","ping_status":"closed","template":"","meta":{"footnotes":""},"class_list":["post-130","page","type-page","status-publish","hentry"],"_links":{"self":[{"href":"https:\/\/st-anna-kapelle-westbevern.de\/index.php?rest_route=\/wp\/v2\/pages\/130","targetHints":{"allow":["GET"]}}],"collection":[{"href":"https:\/\/st-anna-kapelle-westbevern.de\/index.php?rest_route=\/wp\/v2\/pages"}],"about":[{"href":"https:\/\/st-anna-kapelle-westbevern.de\/index.php?rest_route=\/wp\/v2\/types\/page"}],"author":[{"embeddable":true,"href":"https:\/\/st-anna-kapelle-westbevern.de\/index.php?rest_route=\/wp\/v2\/users\/1"}],"replies":[{"embeddable":true,"href":"https:\/\/st-anna-kapelle-westbevern.de\/index.php?rest_route=%2Fwp%2Fv2%2Fcomments&post=130"}],"version-history":[{"count":10,"href":"https:\/\/st-anna-kapelle-westbevern.de\/index.php?rest_route=\/wp\/v2\/pages\/130\/revisions"}],"predecessor-version":[{"id":339,"href":"https:\/\/st-anna-kapelle-westbevern.de\/index.php?rest_route=\/wp\/v2\/pages\/130\/revisions\/339"}],"wp:attachment":[{"href":"https:\/\/st-anna-kapelle-westbevern.de\/index.php?rest_route=%2Fwp%2Fv2%2Fmedia&parent=130"}],"curies":[{"name":"wp","href":"https:\/\/api.w.org\/{rel}","templated":true}]}}